{"id":5918,"date":"2025-07-28T09:22:55","date_gmt":"2025-07-28T09:22:55","guid":{"rendered":"http:\/\/thewellem.com\/contact-us\/approach\/"},"modified":"2026-02-13T12:24:36","modified_gmt":"2026-02-13T12:24:36","slug":"approach","status":"publish","type":"page","link":"https:\/\/thewellem.com\/en\/contact-us\/approach\/","title":{"rendered":"Directions"},"content":{"rendered":"\t\t<div data-elementor-type=\"wp-page\" data-elementor-id=\"5918\" class=\"elementor elementor-5918 elementor-275\" data-elementor-post-type=\"page\">\n\t\t\t\t<div class=\"elementor-element elementor-element-5e5aeb1 e-flex e-con-boxed e-con e-parent\" data-id=\"5e5aeb1\" data-element_type=\"container\" data-e-type=\"container\" data-settings=\"{&quot;background_background&quot;:&quot;classic&quot;}\">\n\t\t\t\t\t<div class=\"e-con-inner\">\n\t\t<div class=\"elementor-element elementor-element-01b1e40 e-con-full e-flex e-con e-child\" data-id=\"01b1e40\" data-element_type=\"container\" data-e-type=\"container\">\n\t\t<div class=\"elementor-element elementor-element-3983512 e-flex e-con-boxed elementor-invisible e-con e-child\" data-id=\"3983512\" data-element_type=\"container\" data-e-type=\"container\" data-settings=\"{&quot;animation&quot;:&quot;slideInUp&quot;}\">\n\t\t\t\t\t<div class=\"e-con-inner\">\n\t\t\t\t<div class=\"elementor-element elementor-element-9e88466 elementor-widget elementor-widget-heading\" data-id=\"9e88466\" data-element_type=\"widget\" data-e-type=\"widget\" data-widget_type=\"heading.default\">\n\t\t\t\t<div class=\"elementor-widget-container\">\n\t\t\t\t\t<h2 class=\"elementor-heading-title elementor-size-default\">Fast track to THE WELLEM<\/h2>\t\t\t\t<\/div>\n\t\t\t\t<\/div>\n\t\t\t\t<div class=\"elementor-element elementor-element-b974c43 elementor-widget elementor-widget-heading\" data-id=\"b974c43\" data-element_type=\"widget\" data-e-type=\"widget\" data-widget_type=\"heading.default\">\n\t\t\t\t<div class=\"elementor-widget-container\">\n\t\t\t\t\t<h2 class=\"elementor-heading-title elementor-size-default\">Directions from D\u00fcsseldorf Airport<\/h2>\t\t\t\t<\/div>\n\t\t\t\t<\/div>\n\t\t\t\t<div class=\"elementor-element elementor-element-26d8be0 elementor-widget elementor-widget-text-editor\" data-id=\"26d8be0\" data-element_type=\"widget\" data-e-type=\"widget\" data-widget_type=\"text-editor.default\">\n\t\t\t\t<div class=\"elementor-widget-container\">\n\t\t\t\t\t\t\t\t\t<p>The Wellem can be easily reached by car from D\u00fcsseldorf Airport in around 20 minutes. From the airport, first take the A44 towards D\u00fcsseldorf. Take the exit towards the city center and follow the signs to the city center. Take the B1 and later the B7, which leads directly into the city center. Follow the signs to Altstadt until you reach Neubr\u00fcckstra\u00dfe, where The Wellem is located. Alternatively, you can take the S-Bahn line S11 from the airport to D\u00fcsseldorf Hauptbahnhof station and from there take a short streetcar ride or walk into the old town.     <\/p>\t\t\t\t\t\t\t\t<\/div>\n\t\t\t\t<\/div>\n\t\t\t\t\t<\/div>\n\t\t\t\t<\/div>\n\t\t\t\t<\/div>\n\t\t<div class=\"elementor-element elementor-element-be7241c e-con-full e-flex e-con e-child\" data-id=\"be7241c\" data-element_type=\"container\" data-e-type=\"container\">\n\t\t<div class=\"elementor-element elementor-element-1df3660 e-flex e-con-boxed elementor-invisible e-con e-child\" data-id=\"1df3660\" data-element_type=\"container\" data-e-type=\"container\" data-settings=\"{&quot;animation&quot;:&quot;slideInUp&quot;}\">\n\t\t\t\t\t<div class=\"e-con-inner\">\n\t\t\t\t<div class=\"elementor-element elementor-element-4a5beae elementor-widget elementor-widget-heading\" data-id=\"4a5beae\" data-element_type=\"widget\" data-e-type=\"widget\" data-widget_type=\"heading.default\">\n\t\t\t\t<div class=\"elementor-widget-container\">\n\t\t\t\t\t<h2 class=\"elementor-heading-title elementor-size-default\">Convenient access via the A3 and A57<\/h2>\t\t\t\t<\/div>\n\t\t\t\t<\/div>\n\t\t\t\t<div class=\"elementor-element elementor-element-d90c9d1 elementor-widget elementor-widget-heading\" data-id=\"d90c9d1\" data-element_type=\"widget\" data-e-type=\"widget\" data-widget_type=\"heading.default\">\n\t\t\t\t<div class=\"elementor-widget-container\">\n\t\t\t\t\t<h2 class=\"elementor-heading-title elementor-size-default\">Directions from Cologne<\/h2>\t\t\t\t<\/div>\n\t\t\t\t<\/div>\n\t\t\t\t<div class=\"elementor-element elementor-element-3d99f55 elementor-widget elementor-widget-text-editor\" data-id=\"3d99f55\" data-element_type=\"widget\" data-e-type=\"widget\" data-widget_type=\"text-editor.default\">\n\t\t\t\t<div class=\"elementor-widget-container\">\n\t\t\t\t\t\t\t\t\t<p>If you are coming from Cologne, follow the A3 towards D\u00fcsseldorf. At the Hilden interchange, change to the A46 in the direction of D\u00fcsseldorf. Follow the A46 until the D\u00fcsseldorf-Bilk exit and change to the B8 towards the city center. Continue on the B1, which will take you directly to K\u00f6nigsallee. From here, The Wellem is only a few minutes away. Take Heinrich-Heine-Allee and turn into Neubr\u00fcckstra\u00dfe to reach The Wellem. Use the underground parking garages nearby for convenient parking.      <\/p>\t\t\t\t\t\t\t\t<\/div>\n\t\t\t\t<\/div>\n\t\t\t\t\t<\/div>\n\t\t\t\t<\/div>\n\t\t\t\t<\/div>\n\t\t\t\t\t<\/div>\n\t\t\t\t<\/div>\n\t\t<div class=\"elementor-element elementor-element-a09a84c e-con-full e-flex e-con e-parent\" data-id=\"a09a84c\" data-element_type=\"container\" data-e-type=\"container\" data-settings=\"{&quot;background_background&quot;:&quot;classic&quot;}\">\n\t\t\t\t<div class=\"elementor-element elementor-element-4a6fade elementor-widget elementor-widget-spacer\" data-id=\"4a6fade\" data-element_type=\"widget\" data-e-type=\"widget\" data-widget_type=\"spacer.default\">\n\t\t\t\t<div class=\"elementor-widget-container\">\n\t\t\t\t\t\t\t<div class=\"elementor-spacer\">\n\t\t\t<div class=\"elementor-spacer-inner\"><\/div>\n\t\t<\/div>\n\t\t\t\t\t\t<\/div>\n\t\t\t\t<\/div>\n\t\t<div class=\"elementor-element elementor-element-da8373f e-con-full e-flex elementor-invisible e-con e-child\" data-id=\"da8373f\" data-element_type=\"container\" data-e-type=\"container\" data-settings=\"{&quot;animation&quot;:&quot;slideInUp&quot;}\">\n\t\t\t\t<div class=\"elementor-element elementor-element-b9cc5cc elementor-widget elementor-widget-heading\" data-id=\"b9cc5cc\" data-element_type=\"widget\" data-e-type=\"widget\" data-widget_type=\"heading.default\">\n\t\t\t\t<div class=\"elementor-widget-container\">\n\t\t\t\t\t<h2 class=\"elementor-heading-title elementor-size-default\">LOCATION<\/h2>\t\t\t\t<\/div>\n\t\t\t\t<\/div>\n\t\t\t\t<div class=\"elementor-element elementor-element-6547640 elementor-hidden-mobile elementor-widget elementor-widget-heading\" data-id=\"6547640\" data-element_type=\"widget\" data-e-type=\"widget\" data-widget_type=\"heading.default\">\n\t\t\t\t<div class=\"elementor-widget-container\">\n\t\t\t\t\t<h2 class=\"elementor-heading-title elementor-size-default\">The Wellem in the Andreas Quartier, in the heart of D\u00fcsseldorf.<\/h2>\t\t\t\t<\/div>\n\t\t\t\t<\/div>\n\t\t\t\t<div class=\"elementor-element elementor-element-57abc68 elementor-hidden-desktop elementor-hidden-laptop elementor-hidden-tablet elementor-widget elementor-widget-heading\" data-id=\"57abc68\" data-element_type=\"widget\" data-e-type=\"widget\" data-widget_type=\"heading.default\">\n\t\t\t\t<div class=\"elementor-widget-container\">\n\t\t\t\t\t<h2 class=\"elementor-heading-title elementor-size-default\">THE WELLEM<br>in the Andreas Quartier, in the heart of D\u00fcsseldorf.<\/h2>\t\t\t\t<\/div>\n\t\t\t\t<\/div>\n\t\t\t\t<div class=\"elementor-element elementor-element-ff21524 elementor-widget elementor-widget-text-editor\" data-id=\"ff21524\" data-element_type=\"widget\" data-e-type=\"widget\" data-widget_type=\"text-editor.default\">\n\t\t\t\t<div class=\"elementor-widget-container\">\n\t\t\t\t\t\t\t\t\t<p>The exclusive boutique hotel The Wellem in the heart of D\u00fcsseldorf impresses with its history, timeless art and uniquely designed and spacious suites. A place characterized by creativity, passion and unconventional ideas. The Wellem inspires its guests and immerses them in a magical world where nothing seems impossible &#8211; &#8220;The Art of Being Unique&#8221;  <\/p>\t\t\t\t\t\t\t\t<\/div>\n\t\t\t\t<\/div>\n\t\t\t\t<\/div>\n\t\t\t\t<div class=\"elementor-element elementor-element-7c91c63 elementor-widget elementor-widget-spacer\" data-id=\"7c91c63\" data-element_type=\"widget\" data-e-type=\"widget\" data-widget_type=\"spacer.default\">\n\t\t\t\t<div class=\"elementor-widget-container\">\n\t\t\t\t\t\t\t<div class=\"elementor-spacer\">\n\t\t\t<div class=\"elementor-spacer-inner\"><\/div>\n\t\t<\/div>\n\t\t\t\t\t\t<\/div>\n\t\t\t\t<\/div>\n\t\t<div class=\"elementor-element elementor-element-51c0c02 e-con-full e-flex e-con e-child\" data-id=\"51c0c02\" data-element_type=\"container\" data-e-type=\"container\" data-settings=\"{&quot;background_background&quot;:&quot;classic&quot;}\">\n\t\t\t\t<div class=\"elementor-element elementor-element-8e6fab2 elementor-widget elementor-widget-google_maps\" data-id=\"8e6fab2\" data-element_type=\"widget\" data-e-type=\"widget\" data-widget_type=\"google_maps.default\">\n\t\t\t\t<div class=\"elementor-widget-container\">\n\t\t\t\t\t\t\t<div class=\"elementor-custom-embed\">\n\t\t\t<iframe loading=\"lazy\"\n\t\t\t\t\tsrc=\"https:\/\/maps.google.com\/maps?q=The%20wellem%20d%C3%BCsseldorf&#038;t=m&#038;z=16&#038;output=embed&#038;iwloc=near\"\n\t\t\t\t\ttitle=\"The wellem d\u00fcsseldorf\"\n\t\t\t\t\taria-label=\"The wellem d\u00fcsseldorf\"\n\t\t\t><\/iframe>\n\t\t<\/div>\n\t\t\t\t\t\t<\/div>\n\t\t\t\t<\/div>\n\t\t\t\t<\/div>\n\t\t\t\t<\/div>\n\t\t<div class=\"elementor-element elementor-element-3c58cc0 e-con-full e-flex e-con e-parent\" data-id=\"3c58cc0\" data-element_type=\"container\" data-e-type=\"container\" data-settings=\"{&quot;background_background&quot;:&quot;classic&quot;}\">\n\t\t\t\t<div class=\"elementor-element elementor-element-be80d6c elementor-widget elementor-widget-image\" data-id=\"be80d6c\" data-element_type=\"widget\" data-e-type=\"widget\" data-widget_type=\"image.default\">\n\t\t\t\t<div class=\"elementor-widget-container\">\n\t\t\t\t\t\t\t\t\t\t\t\t\t\t\t<img fetchpriority=\"high\" decoding=\"async\" width=\"2100\" height=\"656\" src=\"https:\/\/thewellem.com\/wp-content\/uploads\/2025\/07\/hotel-duesseldorf-altstadt-architektur-luxus-05.png\" class=\"attachment-full size-full wp-image-5627\" alt=\"Panoramic photograph of the historic fa\u00e7ade of the luxury hotel The Wellem in D\u00fcsseldorf with monumental columns, symmetrical architecture and classicist details in clear daylight.\" srcset=\"https:\/\/thewellem.com\/wp-content\/uploads\/2025\/07\/hotel-duesseldorf-altstadt-architektur-luxus-05.png 2100w, https:\/\/thewellem.com\/wp-content\/uploads\/2025\/07\/hotel-duesseldorf-altstadt-architektur-luxus-05-300x94.png 300w, https:\/\/thewellem.com\/wp-content\/uploads\/2025\/07\/hotel-duesseldorf-altstadt-architektur-luxus-05-1024x320.png 1024w, https:\/\/thewellem.com\/wp-content\/uploads\/2025\/07\/hotel-duesseldorf-altstadt-architektur-luxus-05-768x240.png 768w, https:\/\/thewellem.com\/wp-content\/uploads\/2025\/07\/hotel-duesseldorf-altstadt-architektur-luxus-05-1536x480.png 1536w, https:\/\/thewellem.com\/wp-content\/uploads\/2025\/07\/hotel-duesseldorf-altstadt-architektur-luxus-05-2048x640.png 2048w\" sizes=\"(max-width: 2100px) 100vw, 2100px\" \/>\t\t\t\t\t\t\t\t\t\t\t\t\t\t\t<\/div>\n\t\t\t\t<\/div>\n\t\t\t\t<\/div>\n\t\t\t\t<\/div>\n\t\t","protected":false},"excerpt":{"rendered":"<p>Fast track to THE WELLEM Directions from D\u00fcsseldorf Airport The Wellem can be easily reached by car from D\u00fcsseldorf Airport in around 20 minutes. From the airport, first take the A44 towards D\u00fcsseldorf. Take the exit towards the city center and follow the signs to the city center. Take the B1 and later the B7, [&hellip;]<\/p>\n","protected":false},"author":1,"featured_media":8264,"parent":5628,"menu_order":0,"comment_status":"closed","ping_status":"closed","template":"elementor_header_footer","meta":{"footnotes":""},"class_list":["post-5918","page","type-page","status-publish","has-post-thumbnail","hentry"],"yoast_head":"<!-- This site is optimized with the Yoast SEO plugin v27.2 - https:\/\/yoast.com\/product\/yoast-seo-wordpress\/ -->\n<title>Directions - The Wellem Luxury Hotel D\u00fcsseldorf<\/title>\n<meta name=\"description\" content=\"As a luxury hotel in D\u00fcsseldorf, The Wellem is centrally located between the banks of the Rhine and K\u00f6nigsallee and is easily accessible.\" \/>\n<meta name=\"robots\" content=\"index, follow, max-snippet:-1, max-image-preview:large, max-video-preview:-1\" \/>\n<link rel=\"canonical\" href=\"https:\/\/thewellem.com\/en\/contact-us\/approach\/\" \/>\n<script type=\"application\/ld+json\" class=\"yoast-schema-graph\">{\"@context\":\"https:\/\/schema.org\",\"@graph\":[{\"@type\":\"WebPage\",\"@id\":\"https:\/\/thewellem.com\/en\/contact-us\/approach\/\",\"url\":\"https:\/\/thewellem.com\/en\/contact-us\/approach\/\",\"name\":\"Directions - The Wellem Luxury Hotel D\u00fcsseldorf\",\"isPartOf\":{\"@id\":\"https:\/\/thewellem.com\/en\/#website\"},\"primaryImageOfPage\":{\"@id\":\"https:\/\/thewellem.com\/en\/contact-us\/approach\/#primaryimage\"},\"image\":{\"@id\":\"https:\/\/thewellem.com\/en\/contact-us\/approach\/#primaryimage\"},\"thumbnailUrl\":\"https:\/\/thewellem.com\/wp-content\/uploads\/2025\/12\/hotel-duesseldorf-the-wellem-luftbild-scaled.jpg\",\"datePublished\":\"2025-07-28T09:22:55+00:00\",\"dateModified\":\"2026-02-13T12:24:36+00:00\",\"description\":\"As a luxury hotel in D\u00fcsseldorf, The Wellem is centrally located between the banks of the Rhine and K\u00f6nigsallee and is easily accessible.\",\"breadcrumb\":{\"@id\":\"https:\/\/thewellem.com\/en\/contact-us\/approach\/#breadcrumb\"},\"inLanguage\":\"en-US\",\"potentialAction\":[{\"@type\":\"ReadAction\",\"target\":[\"https:\/\/thewellem.com\/en\/contact-us\/approach\/\"]}]},{\"@type\":\"ImageObject\",\"inLanguage\":\"en-US\",\"@id\":\"https:\/\/thewellem.com\/en\/contact-us\/approach\/#primaryimage\",\"url\":\"https:\/\/thewellem.com\/wp-content\/uploads\/2025\/12\/hotel-duesseldorf-the-wellem-luftbild-scaled.jpg\",\"contentUrl\":\"https:\/\/thewellem.com\/wp-content\/uploads\/2025\/12\/hotel-duesseldorf-the-wellem-luftbild-scaled.jpg\",\"width\":2560,\"height\":1440,\"caption\":\"Aerial view of The Wellem in D\u00fcsseldorf\"},{\"@type\":\"BreadcrumbList\",\"@id\":\"https:\/\/thewellem.com\/en\/contact-us\/approach\/#breadcrumb\",\"itemListElement\":[{\"@type\":\"ListItem\",\"position\":1,\"name\":\"Startseite\",\"item\":\"https:\/\/thewellem.com\/en\/home\/\"},{\"@type\":\"ListItem\",\"position\":2,\"name\":\"Contact\",\"item\":\"https:\/\/thewellem.com\/en\/contact-us\/\"},{\"@type\":\"ListItem\",\"position\":3,\"name\":\"Directions\"}]},{\"@type\":\"WebSite\",\"@id\":\"https:\/\/thewellem.com\/en\/#website\",\"url\":\"https:\/\/thewellem.com\/en\/\",\"name\":\"The Wellem Hotel D\u00fcsseldorf\",\"description\":\"Luxushotel D\u00fcsseldorf\",\"publisher\":{\"@id\":\"https:\/\/thewellem.com\/en\/#organization\"},\"potentialAction\":[{\"@type\":\"SearchAction\",\"target\":{\"@type\":\"EntryPoint\",\"urlTemplate\":\"https:\/\/thewellem.com\/en\/?s={search_term_string}\"},\"query-input\":{\"@type\":\"PropertyValueSpecification\",\"valueRequired\":true,\"valueName\":\"search_term_string\"}}],\"inLanguage\":\"en-US\"},{\"@type\":\"Organization\",\"@id\":\"https:\/\/thewellem.com\/en\/#organization\",\"name\":\"The Wellem\",\"url\":\"https:\/\/thewellem.com\/en\/\",\"logo\":{\"@type\":\"ImageObject\",\"inLanguage\":\"en-US\",\"@id\":\"https:\/\/thewellem.com\/en\/#\/schema\/logo\/image\/\",\"url\":\"https:\/\/thewellem.com\/wp-content\/uploads\/2025\/04\/the-wellem-logo-blau.svg\",\"contentUrl\":\"https:\/\/thewellem.com\/wp-content\/uploads\/2025\/04\/the-wellem-logo-blau.svg\",\"width\":195,\"height\":62,\"caption\":\"The Wellem\"},\"image\":{\"@id\":\"https:\/\/thewellem.com\/en\/#\/schema\/logo\/image\/\"},\"sameAs\":[\"https:\/\/www.facebook.com\/thewellemdusseldorf\/\",\"https:\/\/www.instagram.com\/thewellem\/#\",\"https:\/\/www.linkedin.com\/company\/the-wellem-duesseldorf\/\"]}]}<\/script>\n<!-- \/ Yoast SEO plugin. -->","yoast_head_json":{"title":"Directions - The Wellem Luxury Hotel D\u00fcsseldorf","description":"As a luxury hotel in D\u00fcsseldorf, The Wellem is centrally located between the banks of the Rhine and K\u00f6nigsallee and is easily accessible.","robots":{"index":"index","follow":"follow","max-snippet":"max-snippet:-1","max-image-preview":"max-image-preview:large","max-video-preview":"max-video-preview:-1"},"canonical":"https:\/\/thewellem.com\/en\/contact-us\/approach\/","schema":{"@context":"https:\/\/schema.org","@graph":[{"@type":"WebPage","@id":"https:\/\/thewellem.com\/en\/contact-us\/approach\/","url":"https:\/\/thewellem.com\/en\/contact-us\/approach\/","name":"Directions - The Wellem Luxury Hotel D\u00fcsseldorf","isPartOf":{"@id":"https:\/\/thewellem.com\/en\/#website"},"primaryImageOfPage":{"@id":"https:\/\/thewellem.com\/en\/contact-us\/approach\/#primaryimage"},"image":{"@id":"https:\/\/thewellem.com\/en\/contact-us\/approach\/#primaryimage"},"thumbnailUrl":"https:\/\/thewellem.com\/wp-content\/uploads\/2025\/12\/hotel-duesseldorf-the-wellem-luftbild-scaled.jpg","datePublished":"2025-07-28T09:22:55+00:00","dateModified":"2026-02-13T12:24:36+00:00","description":"As a luxury hotel in D\u00fcsseldorf, The Wellem is centrally located between the banks of the Rhine and K\u00f6nigsallee and is easily accessible.","breadcrumb":{"@id":"https:\/\/thewellem.com\/en\/contact-us\/approach\/#breadcrumb"},"inLanguage":"en-US","potentialAction":[{"@type":"ReadAction","target":["https:\/\/thewellem.com\/en\/contact-us\/approach\/"]}]},{"@type":"ImageObject","inLanguage":"en-US","@id":"https:\/\/thewellem.com\/en\/contact-us\/approach\/#primaryimage","url":"https:\/\/thewellem.com\/wp-content\/uploads\/2025\/12\/hotel-duesseldorf-the-wellem-luftbild-scaled.jpg","contentUrl":"https:\/\/thewellem.com\/wp-content\/uploads\/2025\/12\/hotel-duesseldorf-the-wellem-luftbild-scaled.jpg","width":2560,"height":1440,"caption":"Aerial view of The Wellem in D\u00fcsseldorf"},{"@type":"BreadcrumbList","@id":"https:\/\/thewellem.com\/en\/contact-us\/approach\/#breadcrumb","itemListElement":[{"@type":"ListItem","position":1,"name":"Startseite","item":"https:\/\/thewellem.com\/en\/home\/"},{"@type":"ListItem","position":2,"name":"Contact","item":"https:\/\/thewellem.com\/en\/contact-us\/"},{"@type":"ListItem","position":3,"name":"Directions"}]},{"@type":"WebSite","@id":"https:\/\/thewellem.com\/en\/#website","url":"https:\/\/thewellem.com\/en\/","name":"The Wellem Hotel D\u00fcsseldorf","description":"Luxushotel D\u00fcsseldorf","publisher":{"@id":"https:\/\/thewellem.com\/en\/#organization"},"potentialAction":[{"@type":"SearchAction","target":{"@type":"EntryPoint","urlTemplate":"https:\/\/thewellem.com\/en\/?s={search_term_string}"},"query-input":{"@type":"PropertyValueSpecification","valueRequired":true,"valueName":"search_term_string"}}],"inLanguage":"en-US"},{"@type":"Organization","@id":"https:\/\/thewellem.com\/en\/#organization","name":"The Wellem","url":"https:\/\/thewellem.com\/en\/","logo":{"@type":"ImageObject","inLanguage":"en-US","@id":"https:\/\/thewellem.com\/en\/#\/schema\/logo\/image\/","url":"https:\/\/thewellem.com\/wp-content\/uploads\/2025\/04\/the-wellem-logo-blau.svg","contentUrl":"https:\/\/thewellem.com\/wp-content\/uploads\/2025\/04\/the-wellem-logo-blau.svg","width":195,"height":62,"caption":"The Wellem"},"image":{"@id":"https:\/\/thewellem.com\/en\/#\/schema\/logo\/image\/"},"sameAs":["https:\/\/www.facebook.com\/thewellemdusseldorf\/","https:\/\/www.instagram.com\/thewellem\/#","https:\/\/www.linkedin.com\/company\/the-wellem-duesseldorf\/"]}]}},"_links":{"self":[{"href":"https:\/\/thewellem.com\/en\/wp-json\/wp\/v2\/pages\/5918","targetHints":{"allow":["GET"]}}],"collection":[{"href":"https:\/\/thewellem.com\/en\/wp-json\/wp\/v2\/pages"}],"about":[{"href":"https:\/\/thewellem.com\/en\/wp-json\/wp\/v2\/types\/page"}],"author":[{"embeddable":true,"href":"https:\/\/thewellem.com\/en\/wp-json\/wp\/v2\/users\/1"}],"replies":[{"embeddable":true,"href":"https:\/\/thewellem.com\/en\/wp-json\/wp\/v2\/comments?post=5918"}],"version-history":[{"count":9,"href":"https:\/\/thewellem.com\/en\/wp-json\/wp\/v2\/pages\/5918\/revisions"}],"predecessor-version":[{"id":9211,"href":"https:\/\/thewellem.com\/en\/wp-json\/wp\/v2\/pages\/5918\/revisions\/9211"}],"up":[{"embeddable":true,"href":"https:\/\/thewellem.com\/en\/wp-json\/wp\/v2\/pages\/5628"}],"wp:featuredmedia":[{"embeddable":true,"href":"https:\/\/thewellem.com\/en\/wp-json\/wp\/v2\/media\/8264"}],"wp:attachment":[{"href":"https:\/\/thewellem.com\/en\/wp-json\/wp\/v2\/media?parent=5918"}],"curies":[{"name":"wp","href":"https:\/\/api.w.org\/{rel}","templated":true}]}}