{"id":5628,"date":"2025-07-28T09:14:59","date_gmt":"2025-07-28T09:14:59","guid":{"rendered":"http:\/\/thewellem.com\/contact-us\/"},"modified":"2026-01-30T15:55:02","modified_gmt":"2026-01-30T15:55:02","slug":"contact-us","status":"publish","type":"page","link":"https:\/\/thewellem.com\/en\/contact-us\/","title":{"rendered":"Contact"},"content":{"rendered":"\t\t<div data-elementor-type=\"wp-page\" data-elementor-id=\"5628\" class=\"elementor elementor-5628 elementor-235\" data-elementor-post-type=\"page\">\n\t\t\t\t<div class=\"elementor-element elementor-element-489f6bf e-con-full e-flex e-con e-parent\" data-id=\"489f6bf\" data-element_type=\"container\" data-e-type=\"container\" data-settings=\"{&quot;background_background&quot;:&quot;classic&quot;}\">\n\t\t\t\t<div class=\"elementor-element elementor-element-2872638 elementor-widget elementor-widget-spacer\" data-id=\"2872638\" data-element_type=\"widget\" data-e-type=\"widget\" data-widget_type=\"spacer.default\">\n\t\t\t\t<div class=\"elementor-widget-container\">\n\t\t\t\t\t\t\t<div class=\"elementor-spacer\">\n\t\t\t<div class=\"elementor-spacer-inner\"><\/div>\n\t\t<\/div>\n\t\t\t\t\t\t<\/div>\n\t\t\t\t<\/div>\n\t\t<div class=\"elementor-element elementor-element-ad78db9 e-con-full e-flex e-con e-child\" data-id=\"ad78db9\" data-element_type=\"container\" data-e-type=\"container\">\n\t\t\t\t<div class=\"elementor-element elementor-element-190d013 elementor-widget elementor-widget-heading\" data-id=\"190d013\" data-element_type=\"widget\" data-e-type=\"widget\" data-widget_type=\"heading.default\">\n\t\t\t\t<div class=\"elementor-widget-container\">\n\t\t\t\t\t<h2 class=\"elementor-heading-title elementor-size-default\">All contact options at a glance<\/h2>\t\t\t\t<\/div>\n\t\t\t\t<\/div>\n\t\t\t\t<div class=\"elementor-element elementor-element-11829f4 elementor-widget elementor-widget-heading\" data-id=\"11829f4\" data-element_type=\"widget\" data-e-type=\"widget\" data-widget_type=\"heading.default\">\n\t\t\t\t<div class=\"elementor-widget-container\">\n\t\t\t\t\t<h2 class=\"elementor-heading-title elementor-size-default\">Directly to the right contact person<\/h2>\t\t\t\t<\/div>\n\t\t\t\t<\/div>\n\t\t\t\t<div class=\"elementor-element elementor-element-c705219 elementor-widget elementor-widget-text-editor\" data-id=\"c705219\" data-element_type=\"widget\" data-e-type=\"widget\" data-widget_type=\"text-editor.default\">\n\t\t\t\t<div class=\"elementor-widget-container\">\n\t\t\t\t\t\t\t\t\t<p><strong>Service Hotline:<\/strong><\/p>\t\t\t\t\t\t\t\t<\/div>\n\t\t\t\t<\/div>\n\t\t\t\t<div class=\"elementor-element elementor-element-d249671 elementor-widget elementor-widget-text-editor\" data-id=\"d249671\" data-element_type=\"widget\" data-e-type=\"widget\" data-widget_type=\"text-editor.default\">\n\t\t\t\t<div class=\"elementor-widget-container\">\n\t\t\t\t\t\t\t\t\t<p>+49 211 547 650 622<\/p><p><a href=\"mailto:info@thewellem.com\">info@thewellem.com<\/a><\/p>\t\t\t\t\t\t\t\t<\/div>\n\t\t\t\t<\/div>\n\t\t\t\t<div class=\"elementor-element elementor-element-6076626 elementor-widget elementor-widget-text-editor\" data-id=\"6076626\" data-element_type=\"widget\" data-e-type=\"widget\" data-widget_type=\"text-editor.default\">\n\t\t\t\t<div class=\"elementor-widget-container\">\n\t\t\t\t\t\t\t\t\t<p><strong>Group bookings and event sales:<\/strong><\/p>\t\t\t\t\t\t\t\t<\/div>\n\t\t\t\t<\/div>\n\t\t\t\t<div class=\"elementor-element elementor-element-e02814c elementor-widget elementor-widget-text-editor\" data-id=\"e02814c\" data-element_type=\"widget\" data-e-type=\"widget\" data-widget_type=\"text-editor.default\">\n\t\t\t\t<div class=\"elementor-widget-container\">\n\t\t\t\t\t\t\t\t\t<p>+49 211 547 650 610<\/p><p><a href=\"mailto:sales@thewellem.com\">sales@thewellem.com<\/a><\/p>\t\t\t\t\t\t\t\t<\/div>\n\t\t\t\t<\/div>\n\t\t\t\t<\/div>\n\t\t\t\t<div class=\"elementor-element elementor-element-fb8cbc5 elementor-widget elementor-widget-spacer\" data-id=\"fb8cbc5\" data-element_type=\"widget\" data-e-type=\"widget\" data-widget_type=\"spacer.default\">\n\t\t\t\t<div class=\"elementor-widget-container\">\n\t\t\t\t\t\t\t<div class=\"elementor-spacer\">\n\t\t\t<div class=\"elementor-spacer-inner\"><\/div>\n\t\t<\/div>\n\t\t\t\t\t\t<\/div>\n\t\t\t\t<\/div>\n\t\t<div class=\"elementor-element elementor-element-eb5d69a e-flex e-con-boxed e-con e-child\" data-id=\"eb5d69a\" data-element_type=\"container\" data-e-type=\"container\">\n\t\t\t\t\t<div class=\"e-con-inner\">\n\t\t\t\t<div class=\"elementor-element elementor-element-0e699b1 elementor-button-align-stretch elementor-widget elementor-widget-form\" data-id=\"0e699b1\" data-element_type=\"widget\" data-e-type=\"widget\" data-settings=\"{&quot;button_width&quot;:&quot;30&quot;,&quot;step_next_label&quot;:&quot;Next&quot;,&quot;step_previous_label&quot;:&quot;Previous&quot;,&quot;step_type&quot;:&quot;number_text&quot;,&quot;step_icon_shape&quot;:&quot;circle&quot;}\" data-widget_type=\"form.default\">\n\t\t\t\t<div class=\"elementor-widget-container\">\n\t\t\t\t\t\t\t<form class=\"elementor-form\" method=\"post\" name=\"New Form\" aria-label=\"New Form\">\n\t\t\t<input type=\"hidden\" name=\"post_id\" value=\"5628\"\/>\n\t\t\t<input type=\"hidden\" name=\"form_id\" value=\"0e699b1\"\/>\n\t\t\t<input type=\"hidden\" name=\"referer_title\" value=\"Contact &amp; Arrival - The Wellem D\u00fcsseldorf\" \/>\n\n\t\t\t\t\t\t\t<input type=\"hidden\" name=\"queried_id\" value=\"5628\"\/>\n\t\t\t\n\t\t\t<div class=\"elementor-form-fields-wrapper elementor-labels-above\">\n\t\t\t\t\t\t\t\t<div class=\"elementor-field-type-text elementor-field-group elementor-column elementor-field-group-name elementor-col-50 elementor-field-required\">\n\t\t\t\t\t\t\t\t\t\t\t\t<label for=\"form-field-name\" class=\"elementor-field-label\">\n\t\t\t\t\t\t\t\tName *\t\t\t\t\t\t\t<\/label>\n\t\t\t\t\t\t\t\t\t\t\t\t\t\t<input size=\"1\" type=\"text\" name=\"form_fields[name]\" id=\"form-field-name\" class=\"elementor-field elementor-size-sm  elementor-field-textual\" placeholder=\"Name\" required=\"required\">\n\t\t\t\t\t\t\t\t\t\t\t<\/div>\n\t\t\t\t\t\t\t\t<div class=\"elementor-field-type-email elementor-field-group elementor-column elementor-field-group-email elementor-col-50 elementor-field-required\">\n\t\t\t\t\t\t\t\t\t\t\t\t<label for=\"form-field-email\" class=\"elementor-field-label\">\n\t\t\t\t\t\t\t\tEmail *\t\t\t\t\t\t\t<\/label>\n\t\t\t\t\t\t\t\t\t\t\t\t\t\t<input size=\"1\" type=\"email\" name=\"form_fields[email]\" id=\"form-field-email\" class=\"elementor-field elementor-size-sm  elementor-field-textual\" placeholder=\"email\" required=\"required\">\n\t\t\t\t\t\t\t\t\t\t\t<\/div>\n\t\t\t\t\t\t\t\t<div class=\"elementor-field-type-tel elementor-field-group elementor-column elementor-field-group-field_f4af3be elementor-col-50\">\n\t\t\t\t\t\t\t\t\t\t\t\t<label for=\"form-field-field_f4af3be\" class=\"elementor-field-label\">\n\t\t\t\t\t\t\t\tPhone number\t\t\t\t\t\t\t<\/label>\n\t\t\t\t\t\t\t\t<input size=\"1\" type=\"tel\" name=\"form_fields[field_f4af3be]\" id=\"form-field-field_f4af3be\" class=\"elementor-field elementor-size-sm  elementor-field-textual\" pattern=\"[0-9()#&amp;+*-=.]+\" title=\"Only numbers and phone characters (#, -, *, etc) are accepted.\">\n\n\t\t\t\t\t\t<\/div>\n\t\t\t\t\t\t\t\t<div class=\"elementor-field-type-text\">\n\t\t\t\t\t<input size=\"1\" type=\"text\" name=\"form_fields[field_801e205]\" id=\"form-field-field_801e205\" class=\"elementor-field elementor-size-sm \" style=\"display:none !important;\">\t\t\t\t<\/div>\n\t\t\t\t\t\t\t\t<div class=\"elementor-field-type-textarea elementor-field-group elementor-column elementor-field-group-message elementor-col-100\">\n\t\t\t\t\t\t\t\t\t\t\t\t<label for=\"form-field-message\" class=\"elementor-field-label\">\n\t\t\t\t\t\t\t\tMessage *\t\t\t\t\t\t\t<\/label>\n\t\t\t\t\t\t<textarea class=\"elementor-field-textual elementor-field  elementor-size-sm\" name=\"form_fields[message]\" id=\"form-field-message\" rows=\"4\" placeholder=\"Message\"><\/textarea>\t\t\t\t<\/div>\n\t\t\t\t\t\t\t\t<div class=\"elementor-field-type-acceptance elementor-field-group elementor-column elementor-field-group-field_d89279f elementor-col-100 elementor-field-required\">\n\t\t\t\t\t\t\t<div class=\"elementor-field-subgroup\">\n\t\t\t<span class=\"elementor-field-option\">\n\t\t\t\t<input type=\"checkbox\" name=\"form_fields[field_d89279f]\" id=\"form-field-field_d89279f\" class=\"elementor-field elementor-size-sm  elementor-acceptance-field\" required=\"required\">\n\t\t\t\t<label for=\"form-field-field_d89279f\">I have taken note of the privacy policy. It is agreed that the information and data will be collected and stored electronically to answer the request. <\/label>\t\t\t<\/span>\n\t\t<\/div>\n\t\t\t\t\t\t<\/div>\n\t\t\t\t\t\t\t\t<div class=\"elementor-field-group elementor-column elementor-field-type-submit elementor-col-30 e-form__buttons\">\n\t\t\t\t\t<button class=\"elementor-button elementor-size-sm\" type=\"submit\">\n\t\t\t\t\t\t<span class=\"elementor-button-content-wrapper\">\n\t\t\t\t\t\t\t\t\t\t\t\t\t\t\t\t\t\t\t\t\t\t<span class=\"elementor-button-text\">Sending<\/span>\n\t\t\t\t\t\t\t\t\t\t\t\t\t<\/span>\n\t\t\t\t\t<\/button>\n\t\t\t\t<\/div>\n\t\t\t<\/div>\n\t\t<\/form>\n\t\t\t\t\t\t<\/div>\n\t\t\t\t<\/div>\n\t\t\t\t\t<\/div>\n\t\t\t\t<\/div>\n\t\t\t\t<\/div>\n\t\t<div class=\"elementor-element elementor-element-0e05157 e-con-full e-flex e-con e-parent\" data-id=\"0e05157\" data-element_type=\"container\" data-e-type=\"container\" id=\"news\" data-settings=\"{&quot;background_background&quot;:&quot;classic&quot;}\">\n\t\t\t\t<div class=\"elementor-element elementor-element-c5beede elementor-widget elementor-widget-spacer\" data-id=\"c5beede\" data-element_type=\"widget\" data-e-type=\"widget\" data-widget_type=\"spacer.default\">\n\t\t\t\t<div class=\"elementor-widget-container\">\n\t\t\t\t\t\t\t<div class=\"elementor-spacer\">\n\t\t\t<div class=\"elementor-spacer-inner\"><\/div>\n\t\t<\/div>\n\t\t\t\t\t\t<\/div>\n\t\t\t\t<\/div>\n\t\t<div class=\"elementor-element elementor-element-1a2465a e-con-full e-flex e-con e-child\" data-id=\"1a2465a\" data-element_type=\"container\" data-e-type=\"container\">\n\t\t\t\t<div class=\"elementor-element elementor-element-7af9554 elementor-widget elementor-widget-heading\" data-id=\"7af9554\" data-element_type=\"widget\" data-e-type=\"widget\" data-widget_type=\"heading.default\">\n\t\t\t\t<div class=\"elementor-widget-container\">\n\t\t\t\t\t<h2 class=\"elementor-heading-title elementor-size-default\">News about events and offers<\/h2>\t\t\t\t<\/div>\n\t\t\t\t<\/div>\n\t\t\t\t<div class=\"elementor-element elementor-element-4c04065 elementor-widget elementor-widget-heading\" data-id=\"4c04065\" data-element_type=\"widget\" data-e-type=\"widget\" data-widget_type=\"heading.default\">\n\t\t\t\t<div class=\"elementor-widget-container\">\n\t\t\t\t\t<h2 class=\"elementor-heading-title elementor-size-default\">Newsletter registration<\/h2>\t\t\t\t<\/div>\n\t\t\t\t<\/div>\n\t\t\t\t<\/div>\n\t\t\t\t<div class=\"elementor-element elementor-element-7c6a6cf elementor-widget elementor-widget-spacer\" data-id=\"7c6a6cf\" data-element_type=\"widget\" data-e-type=\"widget\" data-widget_type=\"spacer.default\">\n\t\t\t\t<div class=\"elementor-widget-container\">\n\t\t\t\t\t\t\t<div class=\"elementor-spacer\">\n\t\t\t<div class=\"elementor-spacer-inner\"><\/div>\n\t\t<\/div>\n\t\t\t\t\t\t<\/div>\n\t\t\t\t<\/div>\n\t\t<div class=\"elementor-element elementor-element-73adb28 elementor-hidden-mobile e-flex e-con-boxed e-con e-child\" data-id=\"73adb28\" data-element_type=\"container\" data-e-type=\"container\" data-settings=\"{&quot;background_background&quot;:&quot;classic&quot;}\">\n\t\t\t\t\t<div class=\"e-con-inner\">\n\t\t\t\t<div class=\"elementor-element elementor-element-1dda648 elementor-widget elementor-widget-html\" data-id=\"1dda648\" data-element_type=\"widget\" data-e-type=\"widget\" data-widget_type=\"html.default\">\n\t\t\t\t<div class=\"elementor-widget-container\">\n\t\t\t\t\t <iframe src=\"https:\/\/tcgms.net\/app\/new\/MTU4Mjk5MTc1MjU?lang=de\" width=\"100%\" height=\"600px\"><\/iframe>\t\t\t\t<\/div>\n\t\t\t\t<\/div>\n\t\t\t\t\t<\/div>\n\t\t\t\t<\/div>\n\t\t<div class=\"elementor-element elementor-element-48969a4 elementor-hidden-desktop elementor-hidden-laptop elementor-hidden-tablet e-flex e-con-boxed e-con e-child\" data-id=\"48969a4\" data-element_type=\"container\" data-e-type=\"container\">\n\t\t\t\t\t<div class=\"e-con-inner\">\n\t\t\t\t<div class=\"elementor-element elementor-element-cfec2bb elementor-widget elementor-widget-html\" data-id=\"cfec2bb\" data-element_type=\"widget\" data-e-type=\"widget\" data-widget_type=\"html.default\">\n\t\t\t\t<div class=\"elementor-widget-container\">\n\t\t\t\t\t <iframe src=\"https:\/\/tcgms.net\/app\/new\/MTU4Mjk5MTc1MjU?lang=de\" width=\"100%\" height=\"800px\"><\/iframe>\t\t\t\t<\/div>\n\t\t\t\t<\/div>\n\t\t\t\t\t<\/div>\n\t\t\t\t<\/div>\n\t\t\t\t<\/div>\n\t\t<div class=\"elementor-element elementor-element-763f8f8 e-con-full e-flex e-con e-parent\" data-id=\"763f8f8\" data-element_type=\"container\" data-e-type=\"container\" data-settings=\"{&quot;background_background&quot;:&quot;classic&quot;}\">\n\t\t\t\t<div class=\"elementor-element elementor-element-8618d92 elementor-widget elementor-widget-image\" data-id=\"8618d92\" data-element_type=\"widget\" data-e-type=\"widget\" data-widget_type=\"image.default\">\n\t\t\t\t<div class=\"elementor-widget-container\">\n\t\t\t\t\t\t\t\t\t\t\t\t\t\t\t<img fetchpriority=\"high\" decoding=\"async\" width=\"2100\" height=\"656\" src=\"https:\/\/thewellem.com\/wp-content\/uploads\/2025\/07\/hotel-duesseldorf-altstadt-architektur-luxus-05.png\" class=\"attachment-full size-full wp-image-5627\" alt=\"Panoramic photograph of the historic fa\u00e7ade of the luxury hotel The Wellem in D\u00fcsseldorf with monumental columns, symmetrical architecture and classicist details in clear daylight.\" srcset=\"https:\/\/thewellem.com\/wp-content\/uploads\/2025\/07\/hotel-duesseldorf-altstadt-architektur-luxus-05.png 2100w, https:\/\/thewellem.com\/wp-content\/uploads\/2025\/07\/hotel-duesseldorf-altstadt-architektur-luxus-05-300x94.png 300w, https:\/\/thewellem.com\/wp-content\/uploads\/2025\/07\/hotel-duesseldorf-altstadt-architektur-luxus-05-1024x320.png 1024w, https:\/\/thewellem.com\/wp-content\/uploads\/2025\/07\/hotel-duesseldorf-altstadt-architektur-luxus-05-768x240.png 768w, https:\/\/thewellem.com\/wp-content\/uploads\/2025\/07\/hotel-duesseldorf-altstadt-architektur-luxus-05-1536x480.png 1536w, https:\/\/thewellem.com\/wp-content\/uploads\/2025\/07\/hotel-duesseldorf-altstadt-architektur-luxus-05-2048x640.png 2048w\" sizes=\"(max-width: 2100px) 100vw, 2100px\" \/>\t\t\t\t\t\t\t\t\t\t\t\t\t\t\t<\/div>\n\t\t\t\t<\/div>\n\t\t\t\t<\/div>\n\t\t\t\t<\/div>\n\t\t","protected":false},"excerpt":{"rendered":"<p>All contact options at a glance Directly to the right contact person Service Hotline: +49 211 547 650 622 info@thewellem.com Group bookings and event sales: +49 211 547 650 610 sales@thewellem.com News about events and offers Newsletter registration<\/p>\n","protected":false},"author":1,"featured_media":8478,"parent":0,"menu_order":0,"comment_status":"closed","ping_status":"closed","template":"elementor_header_footer","meta":{"footnotes":""},"class_list":["post-5628","page","type-page","status-publish","has-post-thumbnail","hentry"],"yoast_head":"<!-- This site is optimized with the Yoast SEO plugin v27.2 - https:\/\/yoast.com\/product\/yoast-seo-wordpress\/ -->\n<title>Contact &amp; Arrival - The Wellem D\u00fcsseldorf<\/title>\n<meta name=\"description\" content=\"Contact and travel information for The Wellem, a luxury hotel in D\u00fcsseldorf between the banks of the Rhine and K\u00f6nigsallee.\" \/>\n<meta name=\"robots\" content=\"index, follow, max-snippet:-1, max-image-preview:large, max-video-preview:-1\" \/>\n<link rel=\"canonical\" href=\"https:\/\/thewellem.com\/en\/contact-us\/\" \/>\n<script type=\"application\/ld+json\" class=\"yoast-schema-graph\">{\"@context\":\"https:\/\/schema.org\",\"@graph\":[{\"@type\":\"WebPage\",\"@id\":\"https:\/\/thewellem.com\/en\/contact-us\/\",\"url\":\"https:\/\/thewellem.com\/en\/contact-us\/\",\"name\":\"Contact & Arrival - The Wellem D\u00fcsseldorf\",\"isPartOf\":{\"@id\":\"https:\/\/thewellem.com\/en\/#website\"},\"primaryImageOfPage\":{\"@id\":\"https:\/\/thewellem.com\/en\/contact-us\/#primaryimage\"},\"image\":{\"@id\":\"https:\/\/thewellem.com\/en\/contact-us\/#primaryimage\"},\"thumbnailUrl\":\"https:\/\/thewellem.com\/wp-content\/uploads\/2025\/07\/hotel-duesseldorf-altstadt-concierge-luxus-06.jpg\",\"datePublished\":\"2025-07-28T09:14:59+00:00\",\"dateModified\":\"2026-01-30T15:55:02+00:00\",\"description\":\"Contact and travel information for The Wellem, a luxury hotel in D\u00fcsseldorf between the banks of the Rhine and K\u00f6nigsallee.\",\"breadcrumb\":{\"@id\":\"https:\/\/thewellem.com\/en\/contact-us\/#breadcrumb\"},\"inLanguage\":\"en-US\",\"potentialAction\":[{\"@type\":\"ReadAction\",\"target\":[\"https:\/\/thewellem.com\/en\/contact-us\/\"]}]},{\"@type\":\"ImageObject\",\"inLanguage\":\"en-US\",\"@id\":\"https:\/\/thewellem.com\/en\/contact-us\/#primaryimage\",\"url\":\"https:\/\/thewellem.com\/wp-content\/uploads\/2025\/07\/hotel-duesseldorf-altstadt-concierge-luxus-06.jpg\",\"contentUrl\":\"https:\/\/thewellem.com\/wp-content\/uploads\/2025\/07\/hotel-duesseldorf-altstadt-concierge-luxus-06.jpg\",\"width\":1200,\"height\":1200,\"caption\":\"Portrait of an elegant member of the concierge team at The Wellem Hotel in D\u00fcsseldorf, in side profile with glasses and dark blue suit.\"},{\"@type\":\"BreadcrumbList\",\"@id\":\"https:\/\/thewellem.com\/en\/contact-us\/#breadcrumb\",\"itemListElement\":[{\"@type\":\"ListItem\",\"position\":1,\"name\":\"Startseite\",\"item\":\"https:\/\/thewellem.com\/en\/home\/\"},{\"@type\":\"ListItem\",\"position\":2,\"name\":\"Contact\"}]},{\"@type\":\"WebSite\",\"@id\":\"https:\/\/thewellem.com\/en\/#website\",\"url\":\"https:\/\/thewellem.com\/en\/\",\"name\":\"The Wellem Hotel D\u00fcsseldorf\",\"description\":\"Luxushotel D\u00fcsseldorf\",\"publisher\":{\"@id\":\"https:\/\/thewellem.com\/en\/#organization\"},\"potentialAction\":[{\"@type\":\"SearchAction\",\"target\":{\"@type\":\"EntryPoint\",\"urlTemplate\":\"https:\/\/thewellem.com\/en\/?s={search_term_string}\"},\"query-input\":{\"@type\":\"PropertyValueSpecification\",\"valueRequired\":true,\"valueName\":\"search_term_string\"}}],\"inLanguage\":\"en-US\"},{\"@type\":\"Organization\",\"@id\":\"https:\/\/thewellem.com\/en\/#organization\",\"name\":\"The Wellem\",\"url\":\"https:\/\/thewellem.com\/en\/\",\"logo\":{\"@type\":\"ImageObject\",\"inLanguage\":\"en-US\",\"@id\":\"https:\/\/thewellem.com\/en\/#\/schema\/logo\/image\/\",\"url\":\"https:\/\/thewellem.com\/wp-content\/uploads\/2025\/04\/the-wellem-logo-blau.svg\",\"contentUrl\":\"https:\/\/thewellem.com\/wp-content\/uploads\/2025\/04\/the-wellem-logo-blau.svg\",\"width\":195,\"height\":62,\"caption\":\"The Wellem\"},\"image\":{\"@id\":\"https:\/\/thewellem.com\/en\/#\/schema\/logo\/image\/\"},\"sameAs\":[\"https:\/\/www.facebook.com\/thewellemdusseldorf\/\",\"https:\/\/www.instagram.com\/thewellem\/#\",\"https:\/\/www.linkedin.com\/company\/the-wellem-duesseldorf\/\"]}]}<\/script>\n<!-- \/ Yoast SEO plugin. -->","yoast_head_json":{"title":"Contact & Arrival - The Wellem D\u00fcsseldorf","description":"Contact and travel information for The Wellem, a luxury hotel in D\u00fcsseldorf between the banks of the Rhine and K\u00f6nigsallee.","robots":{"index":"index","follow":"follow","max-snippet":"max-snippet:-1","max-image-preview":"max-image-preview:large","max-video-preview":"max-video-preview:-1"},"canonical":"https:\/\/thewellem.com\/en\/contact-us\/","schema":{"@context":"https:\/\/schema.org","@graph":[{"@type":"WebPage","@id":"https:\/\/thewellem.com\/en\/contact-us\/","url":"https:\/\/thewellem.com\/en\/contact-us\/","name":"Contact & Arrival - The Wellem D\u00fcsseldorf","isPartOf":{"@id":"https:\/\/thewellem.com\/en\/#website"},"primaryImageOfPage":{"@id":"https:\/\/thewellem.com\/en\/contact-us\/#primaryimage"},"image":{"@id":"https:\/\/thewellem.com\/en\/contact-us\/#primaryimage"},"thumbnailUrl":"https:\/\/thewellem.com\/wp-content\/uploads\/2025\/07\/hotel-duesseldorf-altstadt-concierge-luxus-06.jpg","datePublished":"2025-07-28T09:14:59+00:00","dateModified":"2026-01-30T15:55:02+00:00","description":"Contact and travel information for The Wellem, a luxury hotel in D\u00fcsseldorf between the banks of the Rhine and K\u00f6nigsallee.","breadcrumb":{"@id":"https:\/\/thewellem.com\/en\/contact-us\/#breadcrumb"},"inLanguage":"en-US","potentialAction":[{"@type":"ReadAction","target":["https:\/\/thewellem.com\/en\/contact-us\/"]}]},{"@type":"ImageObject","inLanguage":"en-US","@id":"https:\/\/thewellem.com\/en\/contact-us\/#primaryimage","url":"https:\/\/thewellem.com\/wp-content\/uploads\/2025\/07\/hotel-duesseldorf-altstadt-concierge-luxus-06.jpg","contentUrl":"https:\/\/thewellem.com\/wp-content\/uploads\/2025\/07\/hotel-duesseldorf-altstadt-concierge-luxus-06.jpg","width":1200,"height":1200,"caption":"Portrait of an elegant member of the concierge team at The Wellem Hotel in D\u00fcsseldorf, in side profile with glasses and dark blue suit."},{"@type":"BreadcrumbList","@id":"https:\/\/thewellem.com\/en\/contact-us\/#breadcrumb","itemListElement":[{"@type":"ListItem","position":1,"name":"Startseite","item":"https:\/\/thewellem.com\/en\/home\/"},{"@type":"ListItem","position":2,"name":"Contact"}]},{"@type":"WebSite","@id":"https:\/\/thewellem.com\/en\/#website","url":"https:\/\/thewellem.com\/en\/","name":"The Wellem Hotel D\u00fcsseldorf","description":"Luxushotel D\u00fcsseldorf","publisher":{"@id":"https:\/\/thewellem.com\/en\/#organization"},"potentialAction":[{"@type":"SearchAction","target":{"@type":"EntryPoint","urlTemplate":"https:\/\/thewellem.com\/en\/?s={search_term_string}"},"query-input":{"@type":"PropertyValueSpecification","valueRequired":true,"valueName":"search_term_string"}}],"inLanguage":"en-US"},{"@type":"Organization","@id":"https:\/\/thewellem.com\/en\/#organization","name":"The Wellem","url":"https:\/\/thewellem.com\/en\/","logo":{"@type":"ImageObject","inLanguage":"en-US","@id":"https:\/\/thewellem.com\/en\/#\/schema\/logo\/image\/","url":"https:\/\/thewellem.com\/wp-content\/uploads\/2025\/04\/the-wellem-logo-blau.svg","contentUrl":"https:\/\/thewellem.com\/wp-content\/uploads\/2025\/04\/the-wellem-logo-blau.svg","width":195,"height":62,"caption":"The Wellem"},"image":{"@id":"https:\/\/thewellem.com\/en\/#\/schema\/logo\/image\/"},"sameAs":["https:\/\/www.facebook.com\/thewellemdusseldorf\/","https:\/\/www.instagram.com\/thewellem\/#","https:\/\/www.linkedin.com\/company\/the-wellem-duesseldorf\/"]}]}},"_links":{"self":[{"href":"https:\/\/thewellem.com\/en\/wp-json\/wp\/v2\/pages\/5628","targetHints":{"allow":["GET"]}}],"collection":[{"href":"https:\/\/thewellem.com\/en\/wp-json\/wp\/v2\/pages"}],"about":[{"href":"https:\/\/thewellem.com\/en\/wp-json\/wp\/v2\/types\/page"}],"author":[{"embeddable":true,"href":"https:\/\/thewellem.com\/en\/wp-json\/wp\/v2\/users\/1"}],"replies":[{"embeddable":true,"href":"https:\/\/thewellem.com\/en\/wp-json\/wp\/v2\/comments?post=5628"}],"version-history":[{"count":8,"href":"https:\/\/thewellem.com\/en\/wp-json\/wp\/v2\/pages\/5628\/revisions"}],"predecessor-version":[{"id":9052,"href":"https:\/\/thewellem.com\/en\/wp-json\/wp\/v2\/pages\/5628\/revisions\/9052"}],"wp:featuredmedia":[{"embeddable":true,"href":"https:\/\/thewellem.com\/en\/wp-json\/wp\/v2\/media\/8478"}],"wp:attachment":[{"href":"https:\/\/thewellem.com\/en\/wp-json\/wp\/v2\/media?parent=5628"}],"curies":[{"name":"wp","href":"https:\/\/api.w.org\/{rel}","templated":true}]}}